{"id":6464,"date":"2026-04-20T10:39:00","date_gmt":"2026-04-20T08:39:00","guid":{"rendered":"https:\/\/leportaildelumiere.com\/?page_id=6464"},"modified":"2026-04-20T11:02:54","modified_gmt":"2026-04-20T09:02:54","slug":"politique-de-confidentialite","status":"publish","type":"page","link":"https:\/\/leportaildelumiere.com\/index.php\/politique-de-confidentialite\/","title":{"rendered":"Privacy Policy \/ Politique de Confidentialit\u00e9"},"content":{"rendered":"\n<p><strong>Last updated \/ Derni\u00e8re mise \u00e0 jour : 20\/04\/2026<\/strong><\/p>\n\n\n\n<p><strong>English Version<\/strong> The <strong>Cobrapedia<\/strong> application (Encyclop\u00e9die de la Lumi\u00e8re) respects the privacy of its users. This application:<\/p>\n\n\n\n<ul class=\"wp-block-list\">\n<li>does not collect any personal data<\/li>\n\n\n\n<li>does not share any data<\/li>\n\n\n\n<li>does not store any user information<\/li>\n\n\n\n<li>does not require any login or account creation<\/li>\n\n\n\n<li>does not contain any advertisements<\/li>\n\n\n\n<li>does not use any third-party tracking or analysis services<\/li>\n<\/ul>\n\n\n\n<p><strong>1. Data Collection:<\/strong> No personal or technical data is collected, stored, or transmitted. <strong>2. Permissions:<\/strong> The application does not request any sensitive permissions. <strong>3. Offline Use:<\/strong> The application works entirely offline. No information is sent to external servers. <strong>4. Contact:<\/strong> For any questions, you can contact: contact@leportaildelumiere.com<\/p>\n\n\n\n<hr class=\"wp-block-separator has-alpha-channel-opacity\"\/>\n\n\n\n<p><strong>Version Fran\u00e7aise<\/strong> L\u2019application <strong>Cobrapedia<\/strong> (Encyclop\u00e9die de la Lumi\u00e8re) respecte la vie priv\u00e9e de ses utilisateurs. Cette application :<\/p>\n\n\n\n<ul class=\"wp-block-list\">\n<li>ne collecte aucune donn\u00e9e personnelle<\/li>\n\n\n\n<li>ne partage aucune donn\u00e9e<\/li>\n\n\n\n<li>ne stocke aucune information utilisateur<\/li>\n\n\n\n<li>ne n\u00e9cessite aucune connexion ou cr\u00e9ation de compte<\/li>\n\n\n\n<li>ne contient aucune publicit\u00e9<\/li>\n\n\n\n<li>n\u2019utilise aucun service tiers de suivi ou d\u2019analyse<\/li>\n<\/ul>\n\n\n\n<p><strong>1. Donn\u00e9es collect\u00e9es :<\/strong> Aucune donn\u00e9e personnelle ou technique n\u2019est collect\u00e9e, stock\u00e9e ou transmise. <strong>2. Permissions :<\/strong> L\u2019application ne demande aucune permission sensible. <strong>3. Utilisation hors ligne :<\/strong> L\u2019application fonctionne enti\u00e8rement hors ligne. Aucune information n\u2019est envoy\u00e9e \u00e0 un serveur externe. <strong>4. Contact :<\/strong> Pour toute question, vous pouvez contacter : contact@leportaildelumiere.com<\/p>\n\n\n\n<p><\/p>\n","protected":false},"excerpt":{"rendered":"<p>Last updated \/ Derni\u00e8re mise \u00e0 jour : 20\/04\/2026 English Version The Cobrapedia application (Encyclop\u00e9die&#8230;<\/p>\n","protected":false},"author":1,"featured_media":0,"parent":0,"menu_order":0,"comment_status":"closed","ping_status":"closed","template":"","meta":{"give_campaign_id":0,"cybocfi_hide_featured_image":"","footnotes":""},"class_list":["post-6464","page","type-page","status-publish","hentry"],"campaignId":"","jetpack_sharing_enabled":true,"_links":{"self":[{"href":"https:\/\/leportaildelumiere.com\/index.php\/wp-json\/wp\/v2\/pages\/6464","targetHints":{"allow":["GET"]}}],"collection":[{"href":"https:\/\/leportaildelumiere.com\/index.php\/wp-json\/wp\/v2\/pages"}],"about":[{"href":"https:\/\/leportaildelumiere.com\/index.php\/wp-json\/wp\/v2\/types\/page"}],"author":[{"embeddable":true,"href":"https:\/\/leportaildelumiere.com\/index.php\/wp-json\/wp\/v2\/users\/1"}],"replies":[{"embeddable":true,"href":"https:\/\/leportaildelumiere.com\/index.php\/wp-json\/wp\/v2\/comments?post=6464"}],"version-history":[{"count":5,"href":"https:\/\/leportaildelumiere.com\/index.php\/wp-json\/wp\/v2\/pages\/6464\/revisions"}],"predecessor-version":[{"id":6471,"href":"https:\/\/leportaildelumiere.com\/index.php\/wp-json\/wp\/v2\/pages\/6464\/revisions\/6471"}],"wp:attachment":[{"href":"https:\/\/leportaildelumiere.com\/index.php\/wp-json\/wp\/v2\/media?parent=6464"}],"curies":[{"name":"wp","href":"https:\/\/api.w.org\/{rel}","templated":true}]}}